{"id":57,"date":"2020-02-13T15:25:37","date_gmt":"2020-02-13T15:25:37","guid":{"rendered":"https:\/\/www.suedwollegroup.com\/swgi\/?page_id=57"},"modified":"2026-02-12T08:47:49","modified_gmt":"2026-02-12T08:47:49","slug":"home","status":"publish","type":"page","link":"https:\/\/www.suedwollegroup.com\/swgi\/it\/","title":{"rendered":"Home"},"content":{"rendered":"<h1>Il Gruppo S\u00fcdwolle in Italia<\/h1>\n<p>Suedwolle Group Italia nasce ad ottobre 2017 a seguito di un percorso di fusione iniziato a partire da novembre 2015 che ha coinvolto le aziende italiane Biella Yarn by S\u00fcdwolle, ERWO Italia (Prato), HF Filati (Schio) e Safil.<\/p>\n<p>L\u2019azienda, tramite la sua filatura in Bulgaria in cui produce filati con l\u2019utilizzo di fibre naturali, opera in un contesto internazionale essendo parte del Gruppo S\u00fcdwolle e allo stesso tempo, fornisce come servizio principale la tintura in rocche grazie alla tintoria Safil Dyeing situata nello stabilimento di Gaglianico.<\/p>\n<p>L\u2019obiettivo di Suedwolle Group Italia \u00e8 quello di offrire unicit\u00e0 di stile e di qualit\u00e0 nonch\u00e9 sostenibilit\u00e0 all\u2019interno del Gruppo dando garanzie di livello superiore a clienti, fornitori, dipendenti e territorio. Suedwolle Group Italia \u00e8 un\u2019unica grande squadra che racchiude realt\u00e0 diverse presenti sul territorio di Biella, Prato e Schio.<\/p>\n<p>I reparti di tintura in rocche, roccatura e magazzino, da cui partono quotidianamente spedizioni per tutto il mondo, rappresentano il fulcro dello stabilimento italiano, che ad oggi conta circa 160 dipendenti.<\/p>\n<p>Oltre a Suedwolle Group Italia, il gruppo attraverso la societ\u00e0 GTI fondata nel 1928 (Gruppo Tessile Industriale S.p.A. http:\/\/www.gtispa.it\/) produce filati sofisticati e di alta gamma tramite l\u2019utilizzo esclusivo di fibre nobili.<\/p>\n","protected":false},"excerpt":{"rendered":"<p>Il Gruppo S\u00fcdwolle in Italia Suedwolle Group Italia nasce ad ottobre 2017 a seguito di un percorso di fusione iniziato a partire da novembre 2015 che ha coinvolto le aziende italiane Biella Yarn by S\u00fcdwolle, ERWO Italia (Prato), HF Filati (Schio) e Safil. L\u2019azienda, tramite la sua filatura in Bulgaria in cui produce filati con [&hellip;]<\/p>\n","protected":false},"author":1,"featured_media":80,"parent":0,"menu_order":0,"comment_status":"closed","ping_status":"closed","template":"page-home.php","meta":{"_acf_changed":false,"footnotes":""},"class_list":["post-57","page","type-page","status-publish","has-post-thumbnail","hentry"],"acf":[],"yoast_head":"<!-- This site is optimized with the Yoast SEO plugin v26.1.1 - https:\/\/yoast.com\/wordpress\/plugins\/seo\/ -->\n<title>Home - Suedwolle Group Italia<\/title>\n<meta name=\"robots\" content=\"index, follow, max-snippet:-1, max-image-preview:large, max-video-preview:-1\" \/>\n<link rel=\"canonical\" href=\"https:\/\/www.suedwollegroup.com\/swgi\/it\/\" \/>\n<meta property=\"og:locale\" content=\"it_IT\" \/>\n<meta property=\"og:type\" content=\"article\" \/>\n<meta property=\"og:title\" content=\"Home - Suedwolle Group Italia\" \/>\n<meta property=\"og:description\" content=\"Il Gruppo S\u00fcdwolle in Italia Suedwolle Group Italia nasce ad ottobre 2017 a seguito di un percorso di fusione iniziato a partire da novembre 2015 che ha coinvolto le aziende italiane Biella Yarn by S\u00fcdwolle, ERWO Italia (Prato), HF Filati (Schio) e Safil. L\u2019azienda, tramite la sua filatura in Bulgaria in cui produce filati con [&hellip;]\" \/>\n<meta property=\"og:url\" content=\"https:\/\/www.suedwollegroup.com\/swgi\/it\/\" \/>\n<meta property=\"og:site_name\" content=\"Suedwolle Group Italia\" \/>\n<meta property=\"article:modified_time\" content=\"2026-02-12T08:47:49+00:00\" \/>\n<meta property=\"og:image\" content=\"https:\/\/www.suedwollegroup.com\/swgi\/wp-content\/uploads\/sites\/4\/2020\/02\/swgi-header.jpg\" \/>\n\t<meta property=\"og:image:width\" content=\"2474\" \/>\n\t<meta property=\"og:image:height\" content=\"1647\" \/>\n\t<meta property=\"og:image:type\" content=\"image\/jpeg\" \/>\n<meta name=\"twitter:card\" content=\"summary_large_image\" \/>\n<meta name=\"twitter:label1\" content=\"Tempo di lettura stimato\" \/>\n\t<meta name=\"twitter:data1\" content=\"2 minuti\" \/>\n<script type=\"application\/ld+json\" class=\"yoast-schema-graph\">{\"@context\":\"https:\/\/schema.org\",\"@graph\":[{\"@type\":\"WebPage\",\"@id\":\"https:\/\/www.suedwollegroup.com\/swgi\/it\/\",\"url\":\"https:\/\/www.suedwollegroup.com\/swgi\/it\/\",\"name\":\"Home - Suedwolle Group Italia\",\"isPartOf\":{\"@id\":\"https:\/\/www.suedwollegroup.com\/swgi\/#website\"},\"primaryImageOfPage\":{\"@id\":\"https:\/\/www.suedwollegroup.com\/swgi\/it\/#primaryimage\"},\"image\":{\"@id\":\"https:\/\/www.suedwollegroup.com\/swgi\/it\/#primaryimage\"},\"thumbnailUrl\":\"https:\/\/www.suedwollegroup.com\/swgi\/wp-content\/uploads\/sites\/4\/2020\/02\/swgi-header.jpg\",\"datePublished\":\"2020-02-13T15:25:37+00:00\",\"dateModified\":\"2026-02-12T08:47:49+00:00\",\"breadcrumb\":{\"@id\":\"https:\/\/www.suedwollegroup.com\/swgi\/it\/#breadcrumb\"},\"inLanguage\":\"it-IT\",\"potentialAction\":[{\"@type\":\"ReadAction\",\"target\":[\"https:\/\/www.suedwollegroup.com\/swgi\/it\/\"]}]},{\"@type\":\"ImageObject\",\"inLanguage\":\"it-IT\",\"@id\":\"https:\/\/www.suedwollegroup.com\/swgi\/it\/#primaryimage\",\"url\":\"https:\/\/www.suedwollegroup.com\/swgi\/wp-content\/uploads\/sites\/4\/2020\/02\/swgi-header.jpg\",\"contentUrl\":\"https:\/\/www.suedwollegroup.com\/swgi\/wp-content\/uploads\/sites\/4\/2020\/02\/swgi-header.jpg\",\"width\":2474,\"height\":1647},{\"@type\":\"BreadcrumbList\",\"@id\":\"https:\/\/www.suedwollegroup.com\/swgi\/it\/#breadcrumb\",\"itemListElement\":[{\"@type\":\"ListItem\",\"position\":1,\"name\":\"Home\",\"item\":\"https:\/\/www.suedwollegroup.com\/swgi\/it\/\"},{\"@type\":\"ListItem\",\"position\":2,\"name\":\"Home\"}]},{\"@type\":\"WebSite\",\"@id\":\"https:\/\/www.suedwollegroup.com\/swgi\/#website\",\"url\":\"https:\/\/www.suedwollegroup.com\/swgi\/\",\"name\":\"Suedwolle Group Italia\",\"description\":\"\",\"publisher\":{\"@id\":\"https:\/\/www.suedwollegroup.com\/swgi\/#organization\"},\"potentialAction\":[{\"@type\":\"SearchAction\",\"target\":{\"@type\":\"EntryPoint\",\"urlTemplate\":\"https:\/\/www.suedwollegroup.com\/swgi\/?s={search_term_string}\"},\"query-input\":{\"@type\":\"PropertyValueSpecification\",\"valueRequired\":true,\"valueName\":\"search_term_string\"}}],\"inLanguage\":\"it-IT\"},{\"@type\":\"Organization\",\"@id\":\"https:\/\/www.suedwollegroup.com\/swgi\/#organization\",\"name\":\"Suedwolle Group Italia\",\"url\":\"https:\/\/www.suedwollegroup.com\/swgi\/\",\"logo\":{\"@type\":\"ImageObject\",\"inLanguage\":\"it-IT\",\"@id\":\"https:\/\/www.suedwollegroup.com\/swgi\/#\/schema\/logo\/image\/\",\"url\":\"https:\/\/www.suedwollegroup.com\/swgi\/wp-content\/uploads\/sites\/4\/2020\/02\/cropped-cropped-swgi-logo-v2-e1627557823992.png\",\"contentUrl\":\"https:\/\/www.suedwollegroup.com\/swgi\/wp-content\/uploads\/sites\/4\/2020\/02\/cropped-cropped-swgi-logo-v2-e1627557823992.png\",\"width\":952,\"height\":130,\"caption\":\"Suedwolle Group Italia\"},\"image\":{\"@id\":\"https:\/\/www.suedwollegroup.com\/swgi\/#\/schema\/logo\/image\/\"}}]}<\/script>\n<!-- \/ Yoast SEO plugin. -->","yoast_head_json":{"title":"Home - Suedwolle Group Italia","robots":{"index":"index","follow":"follow","max-snippet":"max-snippet:-1","max-image-preview":"max-image-preview:large","max-video-preview":"max-video-preview:-1"},"canonical":"https:\/\/www.suedwollegroup.com\/swgi\/it\/","og_locale":"it_IT","og_type":"article","og_title":"Home - Suedwolle Group Italia","og_description":"Il Gruppo S\u00fcdwolle in Italia Suedwolle Group Italia nasce ad ottobre 2017 a seguito di un percorso di fusione iniziato a partire da novembre 2015 che ha coinvolto le aziende italiane Biella Yarn by S\u00fcdwolle, ERWO Italia (Prato), HF Filati (Schio) e Safil. L\u2019azienda, tramite la sua filatura in Bulgaria in cui produce filati con [&hellip;]","og_url":"https:\/\/www.suedwollegroup.com\/swgi\/it\/","og_site_name":"Suedwolle Group Italia","article_modified_time":"2026-02-12T08:47:49+00:00","og_image":[{"width":2474,"height":1647,"url":"https:\/\/www.suedwollegroup.com\/swgi\/wp-content\/uploads\/sites\/4\/2020\/02\/swgi-header.jpg","type":"image\/jpeg"}],"twitter_card":"summary_large_image","twitter_misc":{"Tempo di lettura stimato":"2 minuti"},"schema":{"@context":"https:\/\/schema.org","@graph":[{"@type":"WebPage","@id":"https:\/\/www.suedwollegroup.com\/swgi\/it\/","url":"https:\/\/www.suedwollegroup.com\/swgi\/it\/","name":"Home - Suedwolle Group Italia","isPartOf":{"@id":"https:\/\/www.suedwollegroup.com\/swgi\/#website"},"primaryImageOfPage":{"@id":"https:\/\/www.suedwollegroup.com\/swgi\/it\/#primaryimage"},"image":{"@id":"https:\/\/www.suedwollegroup.com\/swgi\/it\/#primaryimage"},"thumbnailUrl":"https:\/\/www.suedwollegroup.com\/swgi\/wp-content\/uploads\/sites\/4\/2020\/02\/swgi-header.jpg","datePublished":"2020-02-13T15:25:37+00:00","dateModified":"2026-02-12T08:47:49+00:00","breadcrumb":{"@id":"https:\/\/www.suedwollegroup.com\/swgi\/it\/#breadcrumb"},"inLanguage":"it-IT","potentialAction":[{"@type":"ReadAction","target":["https:\/\/www.suedwollegroup.com\/swgi\/it\/"]}]},{"@type":"ImageObject","inLanguage":"it-IT","@id":"https:\/\/www.suedwollegroup.com\/swgi\/it\/#primaryimage","url":"https:\/\/www.suedwollegroup.com\/swgi\/wp-content\/uploads\/sites\/4\/2020\/02\/swgi-header.jpg","contentUrl":"https:\/\/www.suedwollegroup.com\/swgi\/wp-content\/uploads\/sites\/4\/2020\/02\/swgi-header.jpg","width":2474,"height":1647},{"@type":"BreadcrumbList","@id":"https:\/\/www.suedwollegroup.com\/swgi\/it\/#breadcrumb","itemListElement":[{"@type":"ListItem","position":1,"name":"Home","item":"https:\/\/www.suedwollegroup.com\/swgi\/it\/"},{"@type":"ListItem","position":2,"name":"Home"}]},{"@type":"WebSite","@id":"https:\/\/www.suedwollegroup.com\/swgi\/#website","url":"https:\/\/www.suedwollegroup.com\/swgi\/","name":"Suedwolle Group Italia","description":"","publisher":{"@id":"https:\/\/www.suedwollegroup.com\/swgi\/#organization"},"potentialAction":[{"@type":"SearchAction","target":{"@type":"EntryPoint","urlTemplate":"https:\/\/www.suedwollegroup.com\/swgi\/?s={search_term_string}"},"query-input":{"@type":"PropertyValueSpecification","valueRequired":true,"valueName":"search_term_string"}}],"inLanguage":"it-IT"},{"@type":"Organization","@id":"https:\/\/www.suedwollegroup.com\/swgi\/#organization","name":"Suedwolle Group Italia","url":"https:\/\/www.suedwollegroup.com\/swgi\/","logo":{"@type":"ImageObject","inLanguage":"it-IT","@id":"https:\/\/www.suedwollegroup.com\/swgi\/#\/schema\/logo\/image\/","url":"https:\/\/www.suedwollegroup.com\/swgi\/wp-content\/uploads\/sites\/4\/2020\/02\/cropped-cropped-swgi-logo-v2-e1627557823992.png","contentUrl":"https:\/\/www.suedwollegroup.com\/swgi\/wp-content\/uploads\/sites\/4\/2020\/02\/cropped-cropped-swgi-logo-v2-e1627557823992.png","width":952,"height":130,"caption":"Suedwolle Group Italia"},"image":{"@id":"https:\/\/www.suedwollegroup.com\/swgi\/#\/schema\/logo\/image\/"}}]}},"_links":{"self":[{"href":"https:\/\/www.suedwollegroup.com\/swgi\/it\/wp-json\/wp\/v2\/pages\/57","targetHints":{"allow":["GET"]}}],"collection":[{"href":"https:\/\/www.suedwollegroup.com\/swgi\/it\/wp-json\/wp\/v2\/pages"}],"about":[{"href":"https:\/\/www.suedwollegroup.com\/swgi\/it\/wp-json\/wp\/v2\/types\/page"}],"author":[{"embeddable":true,"href":"https:\/\/www.suedwollegroup.com\/swgi\/it\/wp-json\/wp\/v2\/users\/1"}],"replies":[{"embeddable":true,"href":"https:\/\/www.suedwollegroup.com\/swgi\/it\/wp-json\/wp\/v2\/comments?post=57"}],"version-history":[{"count":22,"href":"https:\/\/www.suedwollegroup.com\/swgi\/it\/wp-json\/wp\/v2\/pages\/57\/revisions"}],"predecessor-version":[{"id":400,"href":"https:\/\/www.suedwollegroup.com\/swgi\/it\/wp-json\/wp\/v2\/pages\/57\/revisions\/400"}],"wp:featuredmedia":[{"embeddable":true,"href":"https:\/\/www.suedwollegroup.com\/swgi\/it\/wp-json\/wp\/v2\/media\/80"}],"wp:attachment":[{"href":"https:\/\/www.suedwollegroup.com\/swgi\/it\/wp-json\/wp\/v2\/media?parent=57"}],"curies":[{"name":"wp","href":"https:\/\/api.w.org\/{rel}","templated":true}]}}