{"id":50,"date":"2019-11-22T09:18:32","date_gmt":"2019-11-22T09:18:32","guid":{"rendered":"https:\/\/www.suedwollegroup.com\/ews\/?page_id=50"},"modified":"2023-05-10T06:25:05","modified_gmt":"2023-05-10T06:25:05","slug":"dane-firmy","status":"publish","type":"page","link":"https:\/\/www.suedwollegroup.com\/ews\/pl\/dane-firmy\/","title":{"rendered":"Dane Firmy"},"content":{"rendered":"<h1>Dane Firmy<\/h1>\n<h1>Imprint<\/h1>\n<p>East West Spinning sp. z o.o.<br \/>\nul. Lodowa 85<br \/>\n93-232 \u0141\u00f3d\u017a<\/p>\n<p>Telefon: +48 42 677 11 00<br \/>\nTelefax: +48 42 6771 100<br \/>\nE-mail: office@ews-suedwollegroup.com<br \/>\nZarz\u0105d: Adam Korczak, Ma\u0142gorzata Krawczyk, Katarzyna Litwin<\/p>\n<p>NIP: 729-010-96-01<br \/>\nRegon: P-470526608<br \/>\nS\u0105d Rejonowy \u0141\u00f3d\u017a \u2013 \u015ar\u00f3dmie\u015bcie<br \/>\nNr KRS: 0000203690<\/p>\n","protected":false},"excerpt":{"rendered":"<p>Dane Firmy Imprint East West Spinning sp. z o.o. ul. Lodowa 85 93-232 \u0141\u00f3d\u017a Telefon: +48 42 677 11 00 Telefax: +48 42 6771 100 E-mail: office@ews-suedwollegroup.com Zarz\u0105d: Adam Korczak, Ma\u0142gorzata Krawczyk, Katarzyna Litwin NIP: 729-010-96-01 Regon: P-470526608 S\u0105d Rejonowy \u0141\u00f3d\u017a \u2013 \u015ar\u00f3dmie\u015bcie Nr KRS: 0000203690<\/p>\n","protected":false},"author":1,"featured_media":0,"parent":0,"menu_order":0,"comment_status":"closed","ping_status":"closed","template":"","meta":{"_acf_changed":false,"footnotes":""},"class_list":["post-50","page","type-page","status-publish","hentry"],"acf":[],"yoast_head":"<!-- This site is optimized with the Yoast SEO plugin v26.1.1 - https:\/\/yoast.com\/wordpress\/plugins\/seo\/ -->\n<title>Dane Firmy - EWS | EAST WEST SPINNING<\/title>\n<meta name=\"robots\" content=\"index, follow, max-snippet:-1, max-image-preview:large, max-video-preview:-1\" \/>\n<link rel=\"canonical\" href=\"https:\/\/www.suedwollegroup.com\/ews\/pl\/dane-firmy\/\" \/>\n<meta property=\"og:locale\" content=\"pl_PL\" \/>\n<meta property=\"og:type\" content=\"article\" \/>\n<meta property=\"og:title\" content=\"Dane Firmy - EWS | EAST WEST SPINNING\" \/>\n<meta property=\"og:description\" content=\"Dane Firmy Imprint East West Spinning sp. z o.o. ul. Lodowa 85 93-232 \u0141\u00f3d\u017a Telefon: +48 42 677 11 00 Telefax: +48 42 6771 100 E-mail: office@ews-suedwollegroup.com Zarz\u0105d: Adam Korczak, Ma\u0142gorzata Krawczyk, Katarzyna Litwin NIP: 729-010-96-01 Regon: P-470526608 S\u0105d Rejonowy \u0141\u00f3d\u017a \u2013 \u015ar\u00f3dmie\u015bcie Nr KRS: 0000203690\" \/>\n<meta property=\"og:url\" content=\"https:\/\/www.suedwollegroup.com\/ews\/pl\/dane-firmy\/\" \/>\n<meta property=\"og:site_name\" content=\"EWS | EAST WEST SPINNING\" \/>\n<meta property=\"article:modified_time\" content=\"2023-05-10T06:25:05+00:00\" \/>\n<meta name=\"twitter:card\" content=\"summary_large_image\" \/>\n<meta name=\"twitter:label1\" content=\"Szacowany czas czytania\" \/>\n\t<meta name=\"twitter:data1\" content=\"1 minuta\" \/>\n<script type=\"application\/ld+json\" class=\"yoast-schema-graph\">{\"@context\":\"https:\/\/schema.org\",\"@graph\":[{\"@type\":\"WebPage\",\"@id\":\"https:\/\/www.suedwollegroup.com\/ews\/pl\/dane-firmy\/\",\"url\":\"https:\/\/www.suedwollegroup.com\/ews\/pl\/dane-firmy\/\",\"name\":\"Dane Firmy - EWS | EAST WEST SPINNING\",\"isPartOf\":{\"@id\":\"https:\/\/www.suedwollegroup.com\/ews\/#website\"},\"datePublished\":\"2019-11-22T09:18:32+00:00\",\"dateModified\":\"2023-05-10T06:25:05+00:00\",\"breadcrumb\":{\"@id\":\"https:\/\/www.suedwollegroup.com\/ews\/pl\/dane-firmy\/#breadcrumb\"},\"inLanguage\":\"pl-PL\",\"potentialAction\":[{\"@type\":\"ReadAction\",\"target\":[\"https:\/\/www.suedwollegroup.com\/ews\/pl\/dane-firmy\/\"]}]},{\"@type\":\"BreadcrumbList\",\"@id\":\"https:\/\/www.suedwollegroup.com\/ews\/pl\/dane-firmy\/#breadcrumb\",\"itemListElement\":[{\"@type\":\"ListItem\",\"position\":1,\"name\":\"Home\",\"item\":\"https:\/\/www.suedwollegroup.com\/ews\/pl\/\"},{\"@type\":\"ListItem\",\"position\":2,\"name\":\"Dane Firmy\"}]},{\"@type\":\"WebSite\",\"@id\":\"https:\/\/www.suedwollegroup.com\/ews\/#website\",\"url\":\"https:\/\/www.suedwollegroup.com\/ews\/\",\"name\":\"EWS | EAST WEST SPINNING\",\"description\":\"\",\"publisher\":{\"@id\":\"https:\/\/www.suedwollegroup.com\/ews\/#organization\"},\"potentialAction\":[{\"@type\":\"SearchAction\",\"target\":{\"@type\":\"EntryPoint\",\"urlTemplate\":\"https:\/\/www.suedwollegroup.com\/ews\/?s={search_term_string}\"},\"query-input\":{\"@type\":\"PropertyValueSpecification\",\"valueRequired\":true,\"valueName\":\"search_term_string\"}}],\"inLanguage\":\"pl-PL\"},{\"@type\":\"Organization\",\"@id\":\"https:\/\/www.suedwollegroup.com\/ews\/#organization\",\"name\":\"EWS \u2013 We are the spinning mill\",\"url\":\"https:\/\/www.suedwollegroup.com\/ews\/\",\"logo\":{\"@type\":\"ImageObject\",\"inLanguage\":\"pl-PL\",\"@id\":\"https:\/\/www.suedwollegroup.com\/ews\/#\/schema\/logo\/image\/\",\"url\":\"https:\/\/www.suedwollegroup.com\/ews\/wp-content\/uploads\/sites\/3\/2019\/11\/ews-logo.png\",\"contentUrl\":\"https:\/\/www.suedwollegroup.com\/ews\/wp-content\/uploads\/sites\/3\/2019\/11\/ews-logo.png\",\"width\":500,\"height\":260,\"caption\":\"EWS \u2013 We are the spinning mill\"},\"image\":{\"@id\":\"https:\/\/www.suedwollegroup.com\/ews\/#\/schema\/logo\/image\/\"}}]}<\/script>\n<!-- \/ Yoast SEO plugin. -->","yoast_head_json":{"title":"Dane Firmy - EWS | EAST WEST SPINNING","robots":{"index":"index","follow":"follow","max-snippet":"max-snippet:-1","max-image-preview":"max-image-preview:large","max-video-preview":"max-video-preview:-1"},"canonical":"https:\/\/www.suedwollegroup.com\/ews\/pl\/dane-firmy\/","og_locale":"pl_PL","og_type":"article","og_title":"Dane Firmy - EWS | EAST WEST SPINNING","og_description":"Dane Firmy Imprint East West Spinning sp. z o.o. ul. Lodowa 85 93-232 \u0141\u00f3d\u017a Telefon: +48 42 677 11 00 Telefax: +48 42 6771 100 E-mail: office@ews-suedwollegroup.com Zarz\u0105d: Adam Korczak, Ma\u0142gorzata Krawczyk, Katarzyna Litwin NIP: 729-010-96-01 Regon: P-470526608 S\u0105d Rejonowy \u0141\u00f3d\u017a \u2013 \u015ar\u00f3dmie\u015bcie Nr KRS: 0000203690","og_url":"https:\/\/www.suedwollegroup.com\/ews\/pl\/dane-firmy\/","og_site_name":"EWS | EAST WEST SPINNING","article_modified_time":"2023-05-10T06:25:05+00:00","twitter_card":"summary_large_image","twitter_misc":{"Szacowany czas czytania":"1 minuta"},"schema":{"@context":"https:\/\/schema.org","@graph":[{"@type":"WebPage","@id":"https:\/\/www.suedwollegroup.com\/ews\/pl\/dane-firmy\/","url":"https:\/\/www.suedwollegroup.com\/ews\/pl\/dane-firmy\/","name":"Dane Firmy - EWS | EAST WEST SPINNING","isPartOf":{"@id":"https:\/\/www.suedwollegroup.com\/ews\/#website"},"datePublished":"2019-11-22T09:18:32+00:00","dateModified":"2023-05-10T06:25:05+00:00","breadcrumb":{"@id":"https:\/\/www.suedwollegroup.com\/ews\/pl\/dane-firmy\/#breadcrumb"},"inLanguage":"pl-PL","potentialAction":[{"@type":"ReadAction","target":["https:\/\/www.suedwollegroup.com\/ews\/pl\/dane-firmy\/"]}]},{"@type":"BreadcrumbList","@id":"https:\/\/www.suedwollegroup.com\/ews\/pl\/dane-firmy\/#breadcrumb","itemListElement":[{"@type":"ListItem","position":1,"name":"Home","item":"https:\/\/www.suedwollegroup.com\/ews\/pl\/"},{"@type":"ListItem","position":2,"name":"Dane Firmy"}]},{"@type":"WebSite","@id":"https:\/\/www.suedwollegroup.com\/ews\/#website","url":"https:\/\/www.suedwollegroup.com\/ews\/","name":"EWS | EAST WEST SPINNING","description":"","publisher":{"@id":"https:\/\/www.suedwollegroup.com\/ews\/#organization"},"potentialAction":[{"@type":"SearchAction","target":{"@type":"EntryPoint","urlTemplate":"https:\/\/www.suedwollegroup.com\/ews\/?s={search_term_string}"},"query-input":{"@type":"PropertyValueSpecification","valueRequired":true,"valueName":"search_term_string"}}],"inLanguage":"pl-PL"},{"@type":"Organization","@id":"https:\/\/www.suedwollegroup.com\/ews\/#organization","name":"EWS \u2013 We are the spinning mill","url":"https:\/\/www.suedwollegroup.com\/ews\/","logo":{"@type":"ImageObject","inLanguage":"pl-PL","@id":"https:\/\/www.suedwollegroup.com\/ews\/#\/schema\/logo\/image\/","url":"https:\/\/www.suedwollegroup.com\/ews\/wp-content\/uploads\/sites\/3\/2019\/11\/ews-logo.png","contentUrl":"https:\/\/www.suedwollegroup.com\/ews\/wp-content\/uploads\/sites\/3\/2019\/11\/ews-logo.png","width":500,"height":260,"caption":"EWS \u2013 We are the spinning mill"},"image":{"@id":"https:\/\/www.suedwollegroup.com\/ews\/#\/schema\/logo\/image\/"}}]}},"_links":{"self":[{"href":"https:\/\/www.suedwollegroup.com\/ews\/pl\/wp-json\/wp\/v2\/pages\/50","targetHints":{"allow":["GET"]}}],"collection":[{"href":"https:\/\/www.suedwollegroup.com\/ews\/pl\/wp-json\/wp\/v2\/pages"}],"about":[{"href":"https:\/\/www.suedwollegroup.com\/ews\/pl\/wp-json\/wp\/v2\/types\/page"}],"author":[{"embeddable":true,"href":"https:\/\/www.suedwollegroup.com\/ews\/pl\/wp-json\/wp\/v2\/users\/1"}],"replies":[{"embeddable":true,"href":"https:\/\/www.suedwollegroup.com\/ews\/pl\/wp-json\/wp\/v2\/comments?post=50"}],"version-history":[{"count":5,"href":"https:\/\/www.suedwollegroup.com\/ews\/pl\/wp-json\/wp\/v2\/pages\/50\/revisions"}],"predecessor-version":[{"id":263,"href":"https:\/\/www.suedwollegroup.com\/ews\/pl\/wp-json\/wp\/v2\/pages\/50\/revisions\/263"}],"wp:attachment":[{"href":"https:\/\/www.suedwollegroup.com\/ews\/pl\/wp-json\/wp\/v2\/media?parent=50"}],"curies":[{"name":"wp","href":"https:\/\/api.w.org\/{rel}","templated":true}]}}